{"id":1189,"date":"2024-09-13T18:20:51","date_gmt":"2024-09-13T16:20:51","guid":{"rendered":"http:\/\/gunnesfelag.nu\/?page_id=1189"},"modified":"2025-02-16T19:13:02","modified_gmt":"2025-02-16T17:13:02","slug":"gunnes-felag-20-ar","status":"publish","type":"page","link":"https:\/\/gunnesfelag.nu\/?page_id=1189","title":{"rendered":"Gunnes felag 20 \u00e5r"},"content":{"rendered":"\n<p>Under  h\u00f6stmarknaden 2024 passade vi p\u00e5 att st\u00e4lla till med gille f\u00f6r att fira att felagets 20 \u00e5rsjubileum. Under gillet presenterades en jubileumsskrift som ber\u00e4ttar om felaget under \u00e5ren som varit. Skriften finns att se h\u00e4r:<\/p>\n\n\n\n<div data-wp-interactive=\"core\/file\" class=\"wp-block-file\"><object data-wp-bind--hidden=\"!state.hasPdfPreview\" hidden class=\"wp-block-file__embed\" data=\"http:\/\/gunnesfelag.nu\/wp-content\/uploads\/2020\/03\/Jubileumsskrift-Gunnes-felag-20-ar.pdf\" type=\"application\/pdf\" style=\"width:100%;height:600px\" aria-label=\"Inb\u00e4ddning av Jubileumsskrift Gunnes felag 20 \u00e5r.\"><\/object><a id=\"wp-block-file--media-2c87f033-446d-4b06-a52d-d013c9b278f3\" href=\"http:\/\/gunnesfelag.nu\/wp-content\/uploads\/2020\/03\/Jubileumsskrift-Gunnes-felag-20-ar.pdf\">Jubileumsskrift Gunnes felag 20 \u00e5r<\/a><a href=\"http:\/\/gunnesfelag.nu\/wp-content\/uploads\/2020\/03\/Jubileumsskrift-Gunnes-felag-20-ar.pdf\" class=\"wp-block-file__button wp-element-button\" download aria-describedby=\"wp-block-file--media-2c87f033-446d-4b06-a52d-d013c9b278f3\">Ladda ner<\/a><\/div>\n","protected":false},"excerpt":{"rendered":"<p>Under h\u00f6stmarknaden 2024 passade vi p\u00e5 att st\u00e4lla till med gille f\u00f6r att fira att felagets 20 \u00e5rsjubileum. Under gillet presenterades en jubileumsskrift som ber\u00e4ttar om felaget under \u00e5ren som varit. Skriften finns att se h\u00e4r:<\/p>\n","protected":false},"author":10,"featured_media":0,"parent":0,"menu_order":0,"comment_status":"closed","ping_status":"closed","template":"","meta":{"footnotes":""},"class_list":["post-1189","page","type-page","status-publish","hentry","post-preview"],"_links":{"self":[{"href":"https:\/\/gunnesfelag.nu\/index.php?rest_route=\/wp\/v2\/pages\/1189","targetHints":{"allow":["GET"]}}],"collection":[{"href":"https:\/\/gunnesfelag.nu\/index.php?rest_route=\/wp\/v2\/pages"}],"about":[{"href":"https:\/\/gunnesfelag.nu\/index.php?rest_route=\/wp\/v2\/types\/page"}],"author":[{"embeddable":true,"href":"https:\/\/gunnesfelag.nu\/index.php?rest_route=\/wp\/v2\/users\/10"}],"replies":[{"embeddable":true,"href":"https:\/\/gunnesfelag.nu\/index.php?rest_route=%2Fwp%2Fv2%2Fcomments&post=1189"}],"version-history":[{"count":2,"href":"https:\/\/gunnesfelag.nu\/index.php?rest_route=\/wp\/v2\/pages\/1189\/revisions"}],"predecessor-version":[{"id":1249,"href":"https:\/\/gunnesfelag.nu\/index.php?rest_route=\/wp\/v2\/pages\/1189\/revisions\/1249"}],"wp:attachment":[{"href":"https:\/\/gunnesfelag.nu\/index.php?rest_route=%2Fwp%2Fv2%2Fmedia&parent=1189"}],"curies":[{"name":"wp","href":"https:\/\/api.w.org\/{rel}","templated":true}]}}