{"id":40,"date":"2015-03-06T19:10:39","date_gmt":"2015-03-06T17:10:39","guid":{"rendered":"http:\/\/gunnesfelag.nu\/index_temp.php\/?page_id=40"},"modified":"2025-03-09T18:38:52","modified_gmt":"2025-03-09T16:38:52","slug":"om-gunnes-felag","status":"publish","type":"page","link":"https:\/\/gunnesfelag.nu\/","title":{"rendered":"Om oss"},"content":{"rendered":"\n<figure class=\"wp-block-image size-full\"><img loading=\"lazy\" decoding=\"async\" width=\"2560\" height=\"1374\" src=\"https:\/\/gunnesfelag.nu\/wp-content\/uploads\/2024\/12\/20230507_131136_martawera-scaled.jpg\" alt=\"\" class=\"wp-image-1227\" srcset=\"https:\/\/gunnesfelag.nu\/wp-content\/uploads\/2024\/12\/20230507_131136_martawera-scaled.jpg 2560w, https:\/\/gunnesfelag.nu\/wp-content\/uploads\/2024\/12\/20230507_131136_martawera-800x429.jpg 800w, https:\/\/gunnesfelag.nu\/wp-content\/uploads\/2024\/12\/20230507_131136_martawera-1080x579.jpg 1080w, https:\/\/gunnesfelag.nu\/wp-content\/uploads\/2024\/12\/20230507_131136_martawera-768x412.jpg 768w, https:\/\/gunnesfelag.nu\/wp-content\/uploads\/2024\/12\/20230507_131136_martawera-1536x824.jpg 1536w, https:\/\/gunnesfelag.nu\/wp-content\/uploads\/2024\/12\/20230507_131136_martawera-2048x1099.jpg 2048w, https:\/\/gunnesfelag.nu\/wp-content\/uploads\/2024\/12\/20230507_131136_martawera-676x363.jpg 676w\" sizes=\"auto, (max-width: 2560px) 100vw, 2560px\" \/><figcaption class=\"wp-element-caption\">Tv\u00e5 av de yngsta medlemmarna under en hantverktr\u00e4ff v\u00e5ren 2023.<\/figcaption><\/figure>\n\n\n\n<p>Gunnes felag \u00e4r v\u00e4nf\u00f6rening till vikingag\u00e5rden Gunnes g\u00e5rd i Upplands V\u00e4sby (ca 2,5 mil norr om Stockholm). Gunnes g\u00e5rd \u00e4r ett en rekonstruktion av en vikingatida bondg\u00e5rd fr\u00e5n ca \u00e5r 1040 och drivs av Upplands V\u00e4sby kommun i form av ett friluftsmuseum. Museet har \u00f6ppet under sommarhalv\u00e5ret (vanligen fr\u00e5n april till oktober). P\u00e5 g\u00e5rden finns d\u00e5 tidstypiska djur och \u00e4ven personal som tar hand om bes\u00f6karna. G\u00e5rden \u00e4r \u00f6ppen f\u00f6r bes\u00f6k under sommars\u00e4songen och tar ocks\u00e5 emot skolklasser p\u00e5 studiebes\u00f6k, se Gunnes g\u00e5rds hemsida f\u00f6r mer information.<\/p>\n\n\n\n<p>Som v\u00e4nf\u00f6rening till Gunnes g\u00e5rd vill Felaget levandeg\u00f6ra Gunnes g\u00e5rd genom att bland annat ut\u00f6va och pr\u00f6va p\u00e5 olika forntida hantverk och genom att f\u00f6rdjupa v\u00e5r kunskap kring forntida kultur och levnadss\u00e4tt.<br><br>Vi i Gunnes Felag brukar tr\u00e4ffas p\u00e5 g\u00e5rden i tidsenliga kl\u00e4der f\u00f6r att umg\u00e5s och syssla med olika hantverk m.m. Vi g\u00f6r ocks\u00e5 utflykter till historiskt intressanta platser och h\u00e5ller hantverkstr\u00e4ffar f\u00f6r f\u00f6reningens medlemmar. Vi tr\u00e4ffar fr\u00e4mst p\u00e5 s\u00f6ndagar (enligt <a href=\"http:\/\/gunnesfelag.nu\/?page_id=42\">kalendariet<\/a>)&nbsp;p\u00e5 Gunnes g\u00e5rd under april-oktober och under vinterhalv\u00e5ret tr\u00e4ffas vi i en av ABF:s lokaler i Upplands V\u00e4sby.<\/p>\n\n\n\n<p>F\u00f6reningen deltar ocks\u00e5 i arrangemanget kring den vikingatida h\u00f6stmarknaden som h\u00e5lls p\u00e5 g\u00e5rden varje \u00e5r den f\u00f6rsta helgen i september.<\/p>\n\n\n\n<p><\/p>\n\n\n\n<p>Vill du veta mer om oss? Mejla oss g\u00e4rna p\u00e5 <a href=\"mailto:kontakt@gunnesfelag.nu\">kontakt@gunnesfelag.nu<\/a>.<\/p>\n\n\n\n<p>Har du fr\u00e5gor om den vikingatida h\u00f6stmarknaden p\u00e5 Gunnes g\u00e5rd? Mejla d\u00e5 <a href=\"marknad@gunnesfelag.nu\">marknad@gunnesfelag.nu<\/a><\/p>\n\n\n\n<div class=\"wp-block-group\"><div class=\"wp-block-group__inner-container is-layout-constrained wp-block-group-is-layout-constrained\">\n<div class=\"wp-block-columns is-layout-flex wp-container-core-columns-is-layout-9d6595d7 wp-block-columns-is-layout-flex\">\n<div class=\"wp-block-column is-layout-flow wp-block-column-is-layout-flow\" style=\"flex-basis:66.66%\"><\/div>\n\n\n\n<div class=\"wp-block-column is-layout-flow wp-block-column-is-layout-flow\" style=\"flex-basis:33.33%\"><\/div>\n<\/div>\n<\/div><\/div>\n\n\n\n<p><\/p>\n","protected":false},"excerpt":{"rendered":"<p>Gunnes felag \u00e4r v\u00e4nf\u00f6rening till vikingag\u00e5rden Gunnes g\u00e5rd i Upplands V\u00e4sby (ca 2,5 mil norr om Stockholm). Gunnes g\u00e5rd \u00e4r ett en rekonstruktion av en vikingatida bondg\u00e5rd fr\u00e5n ca \u00e5r 1040 och drivs av Upplands V\u00e4sby kommun i form av ett friluftsmuseum. Museet har \u00f6ppet under sommarhalv\u00e5ret (vanligen fr\u00e5n april till oktober). P\u00e5 g\u00e5rden finns [&hellip;]<\/p>\n","protected":false},"author":1,"featured_media":0,"parent":0,"menu_order":20,"comment_status":"closed","ping_status":"closed","template":"","meta":{"footnotes":""},"class_list":["post-40","page","type-page","status-publish","hentry","post-preview"],"_links":{"self":[{"href":"https:\/\/gunnesfelag.nu\/index.php?rest_route=\/wp\/v2\/pages\/40","targetHints":{"allow":["GET"]}}],"collection":[{"href":"https:\/\/gunnesfelag.nu\/index.php?rest_route=\/wp\/v2\/pages"}],"about":[{"href":"https:\/\/gunnesfelag.nu\/index.php?rest_route=\/wp\/v2\/types\/page"}],"author":[{"embeddable":true,"href":"https:\/\/gunnesfelag.nu\/index.php?rest_route=\/wp\/v2\/users\/1"}],"replies":[{"embeddable":true,"href":"https:\/\/gunnesfelag.nu\/index.php?rest_route=%2Fwp%2Fv2%2Fcomments&post=40"}],"version-history":[{"count":30,"href":"https:\/\/gunnesfelag.nu\/index.php?rest_route=\/wp\/v2\/pages\/40\/revisions"}],"predecessor-version":[{"id":1267,"href":"https:\/\/gunnesfelag.nu\/index.php?rest_route=\/wp\/v2\/pages\/40\/revisions\/1267"}],"wp:attachment":[{"href":"https:\/\/gunnesfelag.nu\/index.php?rest_route=%2Fwp%2Fv2%2Fmedia&parent=40"}],"curies":[{"name":"wp","href":"https:\/\/api.w.org\/{rel}","templated":true}]}}